{"id":150,"date":"2024-11-05T12:07:52","date_gmt":"2024-11-05T12:07:52","guid":{"rendered":"https:\/\/institutoeac.edu.ar\/?page_id=150"},"modified":"2024-12-18T16:00:12","modified_gmt":"2024-12-18T16:00:12","slug":"nivel-secundario","status":"publish","type":"page","link":"https:\/\/institutoeac.edu.ar\/index.php\/nivel-secundario\/","title":{"rendered":"Nivel Secundario"},"content":{"rendered":"<p>En nuestro Nivel vas a encontrar una propuesta din\u00e1mica y siempre adaptativa a las necesidades pedag\u00f3gicas de las especialidades que aqu\u00ed pod\u00e9s cursar; por un lado, la Especializaci\u00f3n en Educaci\u00f3n F\u00edsica, con orientaci\u00f3n a los Deportes y por el otra la Especializaci\u00f3n en Comunicaci\u00f3n con orientaci\u00f3n al Periodismo Deportivo.<\/p>\n<p>Es nuestro inter\u00e9s que los estudiantes <strong>vivencien todo tipo de experiencia para enriquecer su trayectoria educativa<\/strong>, aprendan a <strong>convivir con las nuevas tecnolog\u00edas y su uso en la comunicaci\u00f3n y el deporte, <\/strong>teniendo siempre como objetivo su <strong>identificaci\u00f3n con los valores de la instituci\u00f3n y del medio social en el cual la escuela esta inserta.<\/strong><\/p>\n<p>Desde la instituci\u00f3n bregamos que nuestros estudiantes logren:<\/p>\n<ul>\n<li><strong>Tener pensamiento cr\u00edtico ante las diversas problem\u00e1ticas que se le planteen.<\/strong><\/li>\n<li><strong>Autonom\u00eda de trabajo en las distintas propuestas escolares.<\/strong><\/li>\n<li><strong>Fomentar el desarrollo de habilidades motrices a trav\u00e9s de experiencia l\u00fadicas. <\/strong><\/li>\n<\/ul>\n<p>Para todo lo planteado, contamos con 12 aulas, las cuales est\u00e1n divididas 6 para el Ciclo B\u00e1sico Unificado (CBU) y 6 para el Ciclo de Especializaci\u00f3n. A dem\u00e1s contamos con salones para pr\u00e1ctica deportiva; sal\u00f3n con cancha de V\u00f3ley y B\u00e1squet techadas y un play\u00f3n deportivo de uso m\u00faltiple. Como as\u00ed tambi\u00e9n un natatorio cubierto el cual nos garantiza el desarrollo de la activada todo el a\u00f1o lectivo.<\/p>\n<p>&nbsp;<\/p>\n<p><img fetchpriority=\"high\" decoding=\"async\" class=\"alignnone  wp-image-212\" src=\"https:\/\/institutoeac.edu.ar\/wp-content\/uploads\/2024\/12\/IMG_5759-800x533.jpg\" alt=\"\" width=\"615\" height=\"410\" srcset=\"https:\/\/institutoeac.edu.ar\/wp-content\/uploads\/2024\/12\/IMG_5759-800x533.jpg 800w, https:\/\/institutoeac.edu.ar\/wp-content\/uploads\/2024\/12\/IMG_5759-1366x911.jpg 1366w, https:\/\/institutoeac.edu.ar\/wp-content\/uploads\/2024\/12\/IMG_5759-768x512.jpg 768w, https:\/\/institutoeac.edu.ar\/wp-content\/uploads\/2024\/12\/IMG_5759-1536x1024.jpg 1536w, https:\/\/institutoeac.edu.ar\/wp-content\/uploads\/2024\/12\/IMG_5759-2048x1365.jpg 2048w\" sizes=\"(max-width: 615px) 100vw, 615px\" \/><\/p>\n<p>&nbsp;<\/p>\n<p>Nuestras vidas se van haciendo camino con el paso del tiempo. Cada aprendizaje nos marca evolutivamente, siempre y cuando estemos dispuestos a cambiar y aceptar lo nuevo como oportunidad para seguir creciendo.<\/p>\n<p>Los humanos somos naturalmente seres sociales y esta condici\u00f3n define el recorrido de nuestras vidas. \u201cCONVIVIR\u201d es caminar nuestra historia \u201cCON\u201d el otro y \u201cEN\u201d contextos espacio &#8211; temporales compartidos (\u00fanicos para cada persona y su percepci\u00f3n del mundo).<\/p>\n<p>En este sentido entendemos necesario marcar un rumbo com\u00fan para guiar nuestros pasos como comunidad inserta en una ESCUELA. Frente a este an\u00e1lisis, hemos demarcado un conjunto de valores para establecer y regular nuestras acciones en el contexto educativo.<\/p>\n<p>La identidad, en y con la sociedad, surge y se nutre cuando el ser es part\u00edcipe, creador y transformador de la misma. Por ello, se incluy\u00f3 a todas las personas pertenecientes a nuestra comunidad, en la construcci\u00f3n y selecci\u00f3n del cuerpo normativo y sanciones. Aqu\u00ed surge el concepto de ACUERDO, entendido como la decisi\u00f3n tomada entre dos o m\u00e1s personas, siendo este el resultado de un proceso de negociaci\u00f3n y deliberaci\u00f3n sobre un asunto concreto.<\/p>\n<p>&nbsp;<\/p>\n<p><img decoding=\"async\" class=\"alignnone  wp-image-214\" src=\"https:\/\/institutoeac.edu.ar\/wp-content\/uploads\/2024\/12\/IMG_5721-533x800.jpg\" alt=\"\" width=\"381\" height=\"572\" srcset=\"https:\/\/institutoeac.edu.ar\/wp-content\/uploads\/2024\/12\/IMG_5721-533x800.jpg 533w, https:\/\/institutoeac.edu.ar\/wp-content\/uploads\/2024\/12\/IMG_5721-911x1366.jpg 911w, https:\/\/institutoeac.edu.ar\/wp-content\/uploads\/2024\/12\/IMG_5721-768x1152.jpg 768w, https:\/\/institutoeac.edu.ar\/wp-content\/uploads\/2024\/12\/IMG_5721-1024x1536.jpg 1024w, https:\/\/institutoeac.edu.ar\/wp-content\/uploads\/2024\/12\/IMG_5721-1365x2048.jpg 1365w, https:\/\/institutoeac.edu.ar\/wp-content\/uploads\/2024\/12\/IMG_5721-scaled.jpg 1707w\" sizes=\"(max-width: 381px) 100vw, 381px\" \/><\/p>\n<h2><strong>FINES EDUCATIVOS DE LA ESCUELA<\/strong><\/h2>\n<p>A partir y mediante la elaboraci\u00f3n de los Acuerdos Escolares de Convivencia, se abren muchos senderos de aprendizaje.<\/p>\n<p>En este sentido, y de manera inevitable, se ponen en juego capacidades fundamentales como el pensamiento cr\u00edtico y creativo, el trabajo en colaboraci\u00f3n para relacionarse e interactuar, el abordaje y resoluci\u00f3n de situaciones problem\u00e1ticas, la responsabilidad y compromiso, y la oralidad, lectura y escritura.<\/p>\n<p>Se busca en nuestros\/as estudiantes:<\/p>\n<ul>\n<li>Abrir las puertas a la empat\u00eda y la concepci\u00f3n del otro como reflejo del propio ser.<\/li>\n<li>Promover la participaci\u00f3n activa de todos los actores de la comunidad \u201c\u2026la construcci\u00f3n de una convivencia democr\u00e1tica a trav\u00e9s del debate y el consenso en la elaboraci\u00f3n de acuerdos normativos, permite que todos los que participan internalicen las normas, valoren su funci\u00f3n y se co &#8211; responsabilicen del proceso y de los resultados que se quieren lograr\u2026\u201d (Resoluci\u00f3n 149\/10, pp. 1-2).<\/li>\n<li>Reforzar la identidad con nuestra instituci\u00f3n y la comunidad que en ella convive.<\/li>\n<li>Empaparse y aprender vivencialmente de los valores planteados como gu\u00edas de nuestra comunidad.<\/li>\n<li>Fomentar la autorregulaci\u00f3n y corregulaci\u00f3n del comportamiento en pos de gestionar la resoluci\u00f3n de conflictos de una manera cada vez m\u00e1s aut\u00f3noma.<\/li>\n<li>Abordar distintos conflictos y elaborar l\u00edneas de acci\u00f3n para resolverlos favoreciendo la toma de conciencia y la reflexi\u00f3n sobre cada suceso.<\/li>\n<\/ul>\n<ul>\n<li>Estimular una actitud cr\u00edtica y responsable que permita revisar las acciones, valorar consecuencias y corregir conductas inadecuadas.<\/li>\n<\/ul>\n<p><img decoding=\"async\" class=\"alignnone  wp-image-215\" src=\"https:\/\/institutoeac.edu.ar\/wp-content\/uploads\/2024\/12\/IMG_5692-800x533.jpg\" alt=\"\" width=\"642\" height=\"428\" srcset=\"https:\/\/institutoeac.edu.ar\/wp-content\/uploads\/2024\/12\/IMG_5692-800x533.jpg 800w, https:\/\/institutoeac.edu.ar\/wp-content\/uploads\/2024\/12\/IMG_5692-1366x911.jpg 1366w, https:\/\/institutoeac.edu.ar\/wp-content\/uploads\/2024\/12\/IMG_5692-768x512.jpg 768w, https:\/\/institutoeac.edu.ar\/wp-content\/uploads\/2024\/12\/IMG_5692-1536x1024.jpg 1536w, https:\/\/institutoeac.edu.ar\/wp-content\/uploads\/2024\/12\/IMG_5692-2048x1365.jpg 2048w\" sizes=\"(max-width: 642px) 100vw, 642px\" \/><\/p>\n<h2><strong>VALORES QUE NOS PROPONEMOS VIVIR Y ENSE\u00d1AR<\/strong><\/h2>\n<p>La instituci\u00f3n se centra en la intenci\u00f3n de formar en valores, promoviendo estudiantes que generen orgullo en su comunidad. El respeto a las normas de convivencia, el sentido de pertenencia, responsabilidad, honestidad, disciplina, autonom\u00eda y tolerancia se constituyen nodales en la propuesta educativa.<\/p>\n<ul>\n<li><strong><u>Autonom\u00eda:<\/u><\/strong> es una preocupaci\u00f3n institucional que todos los miembros desarrollen su capacidad de procurar con responsabilidad sus derechos y responder a sus obligaciones.<\/li>\n<li><strong><u>Disciplina:<\/u><\/strong> los buenos h\u00e1bitos de conducta; el respeto por las normas, estudio y trabajo; el orden y limpieza en lo que se hace, resultan necesarios para generar un ambiente de aprendizaje \u00f3ptimo.<\/li>\n<li><strong><u>Honestidad:<\/u><\/strong> supone actuar con transparencia en todo lo que se dice y hace, atendiendo las normas institucionales, la din\u00e1mica y los valores.<\/li>\n<li><strong><u>Participaci\u00f3n democr\u00e1tica:<\/u><\/strong> procura establecer la convivencia arm\u00f3nica en un ambiente que favorezca el crecimiento integral de todos sus miembros.<\/li>\n<li><strong><u>Pertenencia:<\/u><\/strong> la comunidad educativa posee identidad propia y una din\u00e1mica espec\u00edfica, se pretende que sus miembros las asuman como propias y se identifiquen con las mismas.<\/li>\n<li><strong><u>Responsabilidad:<\/u><\/strong> supone ser consciente de las consecuencias de sus actos, asumirlas y aceptarlas, respetando y demandando el cumplimiento de las obligaciones.<\/li>\n<\/ul>\n<p><strong><u>Tolerancia:<\/u><\/strong> implica la capacidad de aceptaci\u00f3n y respeto de las particularidades de cada persona y de la instituci\u00f3n.<\/p>\n<p>&nbsp;<\/p>\n<p><img loading=\"lazy\" decoding=\"async\" class=\"alignnone  wp-image-213\" src=\"https:\/\/institutoeac.edu.ar\/wp-content\/uploads\/2024\/12\/IMG_5751-800x533.jpg\" alt=\"\" width=\"662\" height=\"441\" srcset=\"https:\/\/institutoeac.edu.ar\/wp-content\/uploads\/2024\/12\/IMG_5751-800x533.jpg 800w, https:\/\/institutoeac.edu.ar\/wp-content\/uploads\/2024\/12\/IMG_5751-1366x911.jpg 1366w, https:\/\/institutoeac.edu.ar\/wp-content\/uploads\/2024\/12\/IMG_5751-768x512.jpg 768w, https:\/\/institutoeac.edu.ar\/wp-content\/uploads\/2024\/12\/IMG_5751-1536x1024.jpg 1536w, https:\/\/institutoeac.edu.ar\/wp-content\/uploads\/2024\/12\/IMG_5751-2048x1365.jpg 2048w\" sizes=\"(max-width: 662px) 100vw, 662px\" \/><\/p>\n","protected":false},"excerpt":{"rendered":"<p>En nuestro Nivel vas a encontrar una propuesta din\u00e1mica y siempre adaptativa a las necesidades pedag\u00f3gicas de las especialidades que aqu\u00ed pod\u00e9s cursar; por un lado, la Especializaci\u00f3n en Educaci\u00f3n F\u00edsica, con orientaci\u00f3n a los Deportes y por el otra la Especializaci\u00f3n en Comunicaci\u00f3n con orientaci\u00f3n al Periodismo Deportivo. Es nuestro inter\u00e9s que los estudiantes [&hellip;]<\/p>\n","protected":false},"author":1,"featured_media":216,"parent":0,"menu_order":0,"comment_status":"closed","ping_status":"closed","template":"","meta":{"footnotes":""},"class_list":["post-150","page","type-page","status-publish","has-post-thumbnail","hentry"],"_links":{"self":[{"href":"https:\/\/institutoeac.edu.ar\/index.php\/wp-json\/wp\/v2\/pages\/150","targetHints":{"allow":["GET"]}}],"collection":[{"href":"https:\/\/institutoeac.edu.ar\/index.php\/wp-json\/wp\/v2\/pages"}],"about":[{"href":"https:\/\/institutoeac.edu.ar\/index.php\/wp-json\/wp\/v2\/types\/page"}],"author":[{"embeddable":true,"href":"https:\/\/institutoeac.edu.ar\/index.php\/wp-json\/wp\/v2\/users\/1"}],"replies":[{"embeddable":true,"href":"https:\/\/institutoeac.edu.ar\/index.php\/wp-json\/wp\/v2\/comments?post=150"}],"version-history":[{"count":3,"href":"https:\/\/institutoeac.edu.ar\/index.php\/wp-json\/wp\/v2\/pages\/150\/revisions"}],"predecessor-version":[{"id":217,"href":"https:\/\/institutoeac.edu.ar\/index.php\/wp-json\/wp\/v2\/pages\/150\/revisions\/217"}],"wp:featuredmedia":[{"embeddable":true,"href":"https:\/\/institutoeac.edu.ar\/index.php\/wp-json\/wp\/v2\/media\/216"}],"wp:attachment":[{"href":"https:\/\/institutoeac.edu.ar\/index.php\/wp-json\/wp\/v2\/media?parent=150"}],"curies":[{"name":"wp","href":"https:\/\/api.w.org\/{rel}","templated":true}]}}