{"id":152,"date":"2024-11-05T12:08:20","date_gmt":"2024-11-05T12:08:20","guid":{"rendered":"https:\/\/institutoeac.edu.ar\/?page_id=152"},"modified":"2024-12-18T15:34:29","modified_gmt":"2024-12-18T15:34:29","slug":"profesorado","status":"publish","type":"page","link":"https:\/\/institutoeac.edu.ar\/index.php\/profesorado\/","title":{"rendered":"Profesorado"},"content":{"rendered":"<h2>Viviendo el deporte de manera cercana y personalizada por medio de la investigaci\u00f3n educativa<\/h2>\n<p>&nbsp;<\/p>\n<div class=\"row\">\n<div class=\"col-lg-6 order-2 order-lg-1 mt-3 mt-lg-0 aos-init aos-animate\" data-aos=\"fade-up\" data-aos-delay=\"100\">\n<h2>Visi\u00f3n<\/h2>\n<p>Ser una instituci\u00f3n de excelencia en la formaci\u00f3n de\u00a0<strong>profesionales<\/strong>. Especializados en\u00a0<strong>Deporte<\/strong>. Una\u00a0<strong>casa\u00a0<\/strong>de formaci\u00f3n l\u00edder de formadores.<\/p>\n<p>&nbsp;<\/p>\n<h3>Pilares<\/h3>\n<ul>\n<li><i class=\"ri-check-double-line\"><\/i><strong>PROFESIONALES:\u00a0\u00a0<\/strong>Pensar en la visi\u00f3n de ofrecer a un futuro ciclo de licenciatura o un profesorado universitario.<\/li>\n<li><i class=\"ri-check-double-line\"><\/i><strong>DEPORTE:\u00a0<\/strong>valor agregado que contemos con deportes profesionales.<\/li>\n<li><i class=\"ri-check-double-line\"><\/i><strong>CASA:\u00a0<\/strong>mostrar que tenemos un tipo de educaci\u00f3n cercana, personalizada, reducida.\u00a0 Una instituci\u00f3n que ve y mira a sus estudiantes futuros profesionales desde una mirada integral de seres humanos.<\/li>\n<\/ul>\n<\/div>\n<div class=\"col-lg-6 order-1 order-lg-2 text-center aos-init aos-animate\" data-aos=\"fade-up\" data-aos-delay=\"200\"><img fetchpriority=\"high\" decoding=\"async\" class=\"alignnone  wp-image-197\" src=\"https:\/\/institutoeac.edu.ar\/wp-content\/uploads\/2024\/12\/fitness-1348867_1280-800x450.jpg\" alt=\"\" width=\"610\" height=\"343\" srcset=\"https:\/\/institutoeac.edu.ar\/wp-content\/uploads\/2024\/12\/fitness-1348867_1280-800x450.jpg 800w, https:\/\/institutoeac.edu.ar\/wp-content\/uploads\/2024\/12\/fitness-1348867_1280-768x432.jpg 768w, https:\/\/institutoeac.edu.ar\/wp-content\/uploads\/2024\/12\/fitness-1348867_1280.jpg 1280w\" sizes=\"(max-width: 610px) 100vw, 610px\" \/><\/div>\n<\/div>\n<div class=\"row\">\n<div class=\"col-12\">\n<p>&nbsp;<\/p>\n<p>Brindar un espacio para la convivencia, la circulaci\u00f3n y construcci\u00f3n de saberes y el crecimiento compartido, donde se forman nuevas generaciones de Profesores de Educaci\u00f3n F\u00edsica, capaces de desempe\u00f1arse en su ser educador a partir de la calidad profesional, de su ser responsable, curioso y comprometido.<\/p>\n<\/div>\n<p><img decoding=\"async\" class=\"alignnone  wp-image-199\" src=\"https:\/\/institutoeac.edu.ar\/wp-content\/uploads\/2024\/12\/swimming-78112_1280-800x533.jpg\" alt=\"\" width=\"591\" height=\"394\" srcset=\"https:\/\/institutoeac.edu.ar\/wp-content\/uploads\/2024\/12\/swimming-78112_1280-800x533.jpg 800w, https:\/\/institutoeac.edu.ar\/wp-content\/uploads\/2024\/12\/swimming-78112_1280-768x511.jpg 768w, https:\/\/institutoeac.edu.ar\/wp-content\/uploads\/2024\/12\/swimming-78112_1280.jpg 1280w\" sizes=\"(max-width: 591px) 100vw, 591px\" \/><\/p>\n<\/div>\n","protected":false},"excerpt":{"rendered":"<p>Viviendo el deporte de manera cercana y personalizada por medio de la investigaci\u00f3n educativa &nbsp; Visi\u00f3n Ser una instituci\u00f3n de excelencia en la formaci\u00f3n de\u00a0profesionales. Especializados en\u00a0Deporte. Una\u00a0casa\u00a0de formaci\u00f3n l\u00edder de formadores. &nbsp; Pilares PROFESIONALES:\u00a0\u00a0Pensar en la visi\u00f3n de ofrecer a un futuro ciclo de licenciatura o un profesorado universitario. DEPORTE:\u00a0valor agregado que contemos con [&hellip;]<\/p>\n","protected":false},"author":1,"featured_media":198,"parent":0,"menu_order":0,"comment_status":"closed","ping_status":"closed","template":"","meta":{"footnotes":""},"class_list":["post-152","page","type-page","status-publish","has-post-thumbnail","hentry"],"_links":{"self":[{"href":"https:\/\/institutoeac.edu.ar\/index.php\/wp-json\/wp\/v2\/pages\/152","targetHints":{"allow":["GET"]}}],"collection":[{"href":"https:\/\/institutoeac.edu.ar\/index.php\/wp-json\/wp\/v2\/pages"}],"about":[{"href":"https:\/\/institutoeac.edu.ar\/index.php\/wp-json\/wp\/v2\/types\/page"}],"author":[{"embeddable":true,"href":"https:\/\/institutoeac.edu.ar\/index.php\/wp-json\/wp\/v2\/users\/1"}],"replies":[{"embeddable":true,"href":"https:\/\/institutoeac.edu.ar\/index.php\/wp-json\/wp\/v2\/comments?post=152"}],"version-history":[{"count":3,"href":"https:\/\/institutoeac.edu.ar\/index.php\/wp-json\/wp\/v2\/pages\/152\/revisions"}],"predecessor-version":[{"id":200,"href":"https:\/\/institutoeac.edu.ar\/index.php\/wp-json\/wp\/v2\/pages\/152\/revisions\/200"}],"wp:featuredmedia":[{"embeddable":true,"href":"https:\/\/institutoeac.edu.ar\/index.php\/wp-json\/wp\/v2\/media\/198"}],"wp:attachment":[{"href":"https:\/\/institutoeac.edu.ar\/index.php\/wp-json\/wp\/v2\/media?parent=152"}],"curies":[{"name":"wp","href":"https:\/\/api.w.org\/{rel}","templated":true}]}}