{"id":172,"date":"2024-11-05T12:37:28","date_gmt":"2024-11-05T12:37:28","guid":{"rendered":"https:\/\/institutoeac.edu.ar\/?page_id=172"},"modified":"2024-12-18T16:18:35","modified_gmt":"2024-12-18T16:18:35","slug":"ieac","status":"publish","type":"page","link":"https:\/\/institutoeac.edu.ar\/index.php\/ieac\/","title":{"rendered":"IEAC"},"content":{"rendered":"<p>En un mundo cada vez m\u00e1s diverso, heterog\u00e9neo y multicultural proponemos un tipo de formaci\u00f3n cimentado desde el \u201cvivir con\u201d o convivir con todo lo que nos rodea, en la b\u00fasqueda de la comprensi\u00f3n amplia para una sociedad cada vez m\u00e1s justa, equitativa y solidaria.<\/p>\n<p>&nbsp;<\/p>\n<h2>Misi\u00f3n<\/h2>\n<ul>\n<li style=\"list-style-type: none;\">\n<ul>\n<li><strong>Potenciar<\/strong>\u00a0la capacidad de adaptaci\u00f3n y flexibilidad de la comunidad educativa (educadores y educandos) para el pensamiento cr\u00edtico y los desaf\u00edos que surjan en cada tiempo y lugar<\/li>\n<li><strong>Propiciar<\/strong>\u00a0vivencias y experiencias propias de la pr\u00e1ctica deportiva que acompa\u00f1en la diversidad.<\/li>\n<li><strong>Asegurar<\/strong>\u00a0un ambiente educativo de calidad que se adapta y respeta las distintas capacidades, ritmos y estilos de aprendizajes de cada integrante de la instituci\u00f3n .<\/li>\n<\/ul>\n<\/li>\n<\/ul>\n<div id=\"collapseExample\" class=\"collapse show\">\n<ul>\n<li><strong>Favorecer<\/strong>\u00a0la participaci\u00f3n progresiva en actividades con orientaci\u00f3n deportiva , que facilita el desempe\u00f1o motriz a partir de diversos est\u00edmulos de educaci\u00f3n f\u00edsica enfocados en pr\u00e1cticas deportivas.<\/li>\n<li><strong>Promover<\/strong>\u00a0una educaci\u00f3n hol\u00edstica-integral que fomente actitudes y h\u00e1bitos de estudio de curiosidad e inter\u00e9s por el aprendizaje a partir de intervenciones pedag\u00f3gicas en diferentes proyectos interdisciplinarios entre los cuatro niveles educativos que promueven habilidades socioemocionales.<\/li>\n<li>Como instituci\u00f3n que forma parte del C\u00edrculo CEAFA\u00a0<strong>participar<\/strong>\u00a0de viajes y encuentros para ayudar a la transmisi\u00f3n de las diferentes culturas, donde viajar es aprender Deporte.<\/li>\n<li><strong>Propiciar<\/strong>\u00a0espacios de formaci\u00f3n continua que incorporen reflexi\u00f3n de la pr\u00e1ctica docente.<\/li>\n<li><\/li>\n<li><strong>Promover<\/strong>\u00a0el deporte como fen\u00f3meno social y cultural que puede ser vivido m\u00e1s all\u00e1 de su pr\u00e1ctica corporal en s\u00ed misma. Fen\u00f3meno que se vive y siente a lo largo de su vida.<\/li>\n<\/ul>\n<h2>Visi\u00f3n<\/h2>\n<p>El Instituto Educativo Alta C\u00f3rdoba es una instituci\u00f3n referente en la ciudad de C\u00f3rdoba con orientaci\u00f3n deportiva en sus cuatro niveles. promueve y potencia la formaci\u00f3n integral de su comunidad educativa generando valores a trav\u00e9s del deporte de manera libre, responsable y con esp\u00edritu de equipo.<\/p>\n<p>Se destacan las capacidades de los estudiantes para desarrollarse con \u00e9xito en una sociedad en constante evoluci\u00f3n, asegurando de esta manera un ambiente educativo de calidad, d\u00f3nde la diversidad y ritmos de aprendizajes son respetados.<\/p>\n<\/div>\n<h2>Valores<\/h2>\n<p>La Instituci\u00f3n se centra en la intenci\u00f3n de formar en valores, promoviendo estudiantes que generen orgullo en su comunidad. El respeto a las normas de convivencia, el sentido de pertenencia, responsabilidad, honestidad, disciplina, autonom\u00eda y tolerancia se constituyen nodales en la propuesta educativa.<\/p>\n<p>&nbsp;<\/p>\n<h2>Objetivos<\/h2>\n<p>En el nivel inicial, alentamos a nuestros alumnos para que, desde su iniciativa individual y poniendo en juego su creatividad, puedan comenzar a ser protagonistas, tomando decisiones y acciones concretas en su vida cotidiana.<\/p>\n<p>&nbsp;<\/p>\n<div class=\"section-title\">\n<h2>Habilidades Distintivas<\/h2>\n<\/div>\n<div class=\"testimonials-slider swiper-container swiper-container-initialized swiper-container-horizontal swiper-container-pointer-events aos-init aos-animate\" data-aos=\"fade-up\" data-aos-delay=\"100\">\n<div id=\"swiper-wrapper-17452bd6fa7bcd7f\" class=\"swiper-wrapper\" aria-live=\"off\">\n<div class=\"testimonial-item d-flex align-items-center\"><img decoding=\"async\" class=\"alignnone wp-image-226\" src=\"https:\/\/institutoeac.edu.ar\/wp-content\/uploads\/2024\/12\/Sin-titulo-1_07.png\" alt=\"\" width=\"200\" height=\"199\" srcset=\"https:\/\/institutoeac.edu.ar\/wp-content\/uploads\/2024\/12\/Sin-titulo-1_07.png 500w, https:\/\/institutoeac.edu.ar\/wp-content\/uploads\/2024\/12\/Sin-titulo-1_07-480x480.png 480w\" sizes=\"(max-width: 200px) 100vw, 200px\" \/> <img decoding=\"async\" class=\"alignnone wp-image-225\" src=\"https:\/\/institutoeac.edu.ar\/wp-content\/uploads\/2024\/12\/Sin-titulo-1_06.png\" alt=\"\" width=\"200\" height=\"200\" srcset=\"https:\/\/institutoeac.edu.ar\/wp-content\/uploads\/2024\/12\/Sin-titulo-1_06.png 500w, https:\/\/institutoeac.edu.ar\/wp-content\/uploads\/2024\/12\/Sin-titulo-1_06-480x480.png 480w\" sizes=\"(max-width: 200px) 100vw, 200px\" \/> <img decoding=\"async\" class=\"alignnone wp-image-224\" src=\"https:\/\/institutoeac.edu.ar\/wp-content\/uploads\/2024\/12\/Sin-titulo-1_05.png\" alt=\"\" width=\"200\" height=\"199\" srcset=\"https:\/\/institutoeac.edu.ar\/wp-content\/uploads\/2024\/12\/Sin-titulo-1_05.png 500w, https:\/\/institutoeac.edu.ar\/wp-content\/uploads\/2024\/12\/Sin-titulo-1_05-480x480.png 480w\" sizes=\"(max-width: 200px) 100vw, 200px\" \/> <img loading=\"lazy\" decoding=\"async\" class=\"alignnone wp-image-223\" src=\"https:\/\/institutoeac.edu.ar\/wp-content\/uploads\/2024\/12\/Sin-titulo-1_04.png\" alt=\"\" width=\"200\" height=\"200\" srcset=\"https:\/\/institutoeac.edu.ar\/wp-content\/uploads\/2024\/12\/Sin-titulo-1_04.png 500w, https:\/\/institutoeac.edu.ar\/wp-content\/uploads\/2024\/12\/Sin-titulo-1_04-480x480.png 480w\" sizes=\"(max-width: 200px) 100vw, 200px\" \/> <img loading=\"lazy\" decoding=\"async\" class=\"alignnone wp-image-222\" src=\"https:\/\/institutoeac.edu.ar\/wp-content\/uploads\/2024\/12\/Sin-titulo-1_03.png\" alt=\"\" width=\"200\" height=\"199\" srcset=\"https:\/\/institutoeac.edu.ar\/wp-content\/uploads\/2024\/12\/Sin-titulo-1_03.png 500w, https:\/\/institutoeac.edu.ar\/wp-content\/uploads\/2024\/12\/Sin-titulo-1_03-480x480.png 480w\" sizes=\"(max-width: 200px) 100vw, 200px\" \/> <img loading=\"lazy\" decoding=\"async\" class=\"alignnone wp-image-221\" src=\"https:\/\/institutoeac.edu.ar\/wp-content\/uploads\/2024\/12\/Sin-titulo-1_02.png\" alt=\"\" width=\"200\" height=\"198\" \/> <img loading=\"lazy\" decoding=\"async\" class=\"alignnone wp-image-220\" src=\"https:\/\/institutoeac.edu.ar\/wp-content\/uploads\/2024\/12\/Sin-titulo-1_01.png\" alt=\"\" width=\"200\" height=\"201\" srcset=\"https:\/\/institutoeac.edu.ar\/wp-content\/uploads\/2024\/12\/Sin-titulo-1_01.png 498w, https:\/\/institutoeac.edu.ar\/wp-content\/uploads\/2024\/12\/Sin-titulo-1_01-480x480.png 480w\" sizes=\"(max-width: 200px) 100vw, 200px\" \/><\/div>\n<\/div>\n<\/div>\n","protected":false},"excerpt":{"rendered":"<p>En un mundo cada vez m\u00e1s diverso, heterog\u00e9neo y multicultural proponemos un tipo de formaci\u00f3n cimentado desde el \u201cvivir con\u201d o convivir con todo lo que nos rodea, en la b\u00fasqueda de la comprensi\u00f3n amplia para una sociedad cada vez m\u00e1s justa, equitativa y solidaria. &nbsp; Misi\u00f3n Potenciar\u00a0la capacidad de adaptaci\u00f3n y flexibilidad de la [&hellip;]<\/p>\n","protected":false},"author":1,"featured_media":209,"parent":0,"menu_order":0,"comment_status":"closed","ping_status":"closed","template":"","meta":{"footnotes":""},"class_list":["post-172","page","type-page","status-publish","has-post-thumbnail","hentry"],"_links":{"self":[{"href":"https:\/\/institutoeac.edu.ar\/index.php\/wp-json\/wp\/v2\/pages\/172","targetHints":{"allow":["GET"]}}],"collection":[{"href":"https:\/\/institutoeac.edu.ar\/index.php\/wp-json\/wp\/v2\/pages"}],"about":[{"href":"https:\/\/institutoeac.edu.ar\/index.php\/wp-json\/wp\/v2\/types\/page"}],"author":[{"embeddable":true,"href":"https:\/\/institutoeac.edu.ar\/index.php\/wp-json\/wp\/v2\/users\/1"}],"replies":[{"embeddable":true,"href":"https:\/\/institutoeac.edu.ar\/index.php\/wp-json\/wp\/v2\/comments?post=172"}],"version-history":[{"count":11,"href":"https:\/\/institutoeac.edu.ar\/index.php\/wp-json\/wp\/v2\/pages\/172\/revisions"}],"predecessor-version":[{"id":234,"href":"https:\/\/institutoeac.edu.ar\/index.php\/wp-json\/wp\/v2\/pages\/172\/revisions\/234"}],"wp:featuredmedia":[{"embeddable":true,"href":"https:\/\/institutoeac.edu.ar\/index.php\/wp-json\/wp\/v2\/media\/209"}],"wp:attachment":[{"href":"https:\/\/institutoeac.edu.ar\/index.php\/wp-json\/wp\/v2\/media?parent=172"}],"curies":[{"name":"wp","href":"https:\/\/api.w.org\/{rel}","templated":true}]}}